{"id":2,"date":"2016-05-10T03:48:21","date_gmt":"2016-05-10T01:48:21","guid":{"rendered":"http:\/\/lederschneiderei-klein.de\/?page_id=2"},"modified":"2022-07-09T10:53:24","modified_gmt":"2022-07-09T08:53:24","slug":"sample-page","status":"publish","type":"page","link":"http:\/\/lederschneiderei-klein.de\/","title":{"rendered":"Herzlich Willkommen!"},"content":{"rendered":"\n<p class=\"has-text-align-center\" style=\"font-size:18px\"><strong>Wir stehen f\u00fcr handwerkliche Rafinesse und Kompetenz<br>\u2013\u00a0seit \u00fcber 40 Jahren \u2013<br>Wir bieten Ihnen fachgerechte L\u00f6sungen f\u00fcr Ihre<br>Motorrad-, Leder- und Textilbekleidung.<br><br><\/strong><\/p>\n\n\n\n<p class=\"has-text-align-center has-medium-font-size\">Ob nun die Motorradkombi zu weit geworden ist oder gar zu eng,<br>der Rei\u00dfverschluss sich st\u00e4ndig \u00f6ffnet<br>oder der Handschuh nicht mehr schlie\u00dft, <br>ob ein Brandloch im Hosenbein ist<br>oder neue Schleifpads ans Knie m\u00fcssen\u2026<br><br>\u2026kontaktieren Sie uns einfach mit all Ihren Fragen um Ihren Reparaturwunsch!<br>Wir sind f\u00fcr Sie da!<\/p>\n\n\n\n<p class=\"has-text-align-center has-medium-font-size\"><em>Ihre Lederschneiderei Klein<\/em><br><br><br><\/p>\n\n\n\n<h2 class=\"wp-block-heading\">Kontakt<\/h2>\n\n\n\n<p><em><strong>Gesch\u00e4ftstermine ausschlie\u00dflich nach telefonischer Vereinbarung!<\/strong><\/em><br>Gesch\u00e4ftszeiten: Mo.-Fr., 08\u00b0\u00b0-18\u00b0\u00b0 Uhr.<br><strong><br><\/strong>Telefon:    0049-6736-8060<br>E-Mail:     <a href=\"mailto:info@lederschneiderei-klein.de\">info@lederschneiderei-klein.de<\/a><br><br>Bergerweg 15<br>55234 Nack\/Rheinhessen<br><\/p>\n\n\n\n<h2 class=\"wp-block-heading\">Wie Sie uns finden?<\/h2>\n\n\n\n<p>A63, Abfahrt &#8222;Erbes-B\u00fcdesheim&#8220; &#8211; Richtung und durch den Ort Erbes-B\u00fcdesheim &#8211; N\u00e4chste Ortschaft: Nack &#8211; Bis zum Ende in Richtung Nieder-Wiesen durchfahren und die letzten Stra\u00dfe nach rechts hoch fahren. Sie finden uns auf dem Berg auf der rechten Stra\u00dfenseite.<br><br>Wir freuen uns auf Sie!<\/p>\n","protected":false},"excerpt":{"rendered":"<p>Wir stehen f\u00fcr handwerkliche Rafinesse und Kompetenz\u2013\u00a0seit \u00fcber 40 Jahren \u2013Wir bieten Ihnen fachgerechte L\u00f6sungen f\u00fcr IhreMotorrad-, Leder- und Textilbekleidung. Ob nun die Motorradkombi zu weit geworden ist oder gar zu eng,der Rei\u00dfverschluss sich st\u00e4ndig \u00f6ffnetoder der Handschuh nicht mehr schlie\u00dft, ob ein Brandloch im Hosenbein istoder neue Schleifpads ans Knie m\u00fcssen\u2026 \u2026kontaktieren Sie uns &hellip; <a href=\"http:\/\/lederschneiderei-klein.de\/\" class=\"more-link\"><span class=\"screen-reader-text\">\u201eHerzlich Willkommen!\u201c <\/span>weiterlesen<\/a><\/p>\n","protected":false},"author":1,"featured_media":0,"parent":0,"menu_order":0,"comment_status":"closed","ping_status":"closed","template":"","meta":{"footnotes":""},"class_list":["post-2","page","type-page","status-publish","hentry"],"_links":{"self":[{"href":"http:\/\/lederschneiderei-klein.de\/index.php?rest_route=\/wp\/v2\/pages\/2","targetHints":{"allow":["GET"]}}],"collection":[{"href":"http:\/\/lederschneiderei-klein.de\/index.php?rest_route=\/wp\/v2\/pages"}],"about":[{"href":"http:\/\/lederschneiderei-klein.de\/index.php?rest_route=\/wp\/v2\/types\/page"}],"author":[{"embeddable":true,"href":"http:\/\/lederschneiderei-klein.de\/index.php?rest_route=\/wp\/v2\/users\/1"}],"replies":[{"embeddable":true,"href":"http:\/\/lederschneiderei-klein.de\/index.php?rest_route=%2Fwp%2Fv2%2Fcomments&post=2"}],"version-history":[{"count":24,"href":"http:\/\/lederschneiderei-klein.de\/index.php?rest_route=\/wp\/v2\/pages\/2\/revisions"}],"predecessor-version":[{"id":143,"href":"http:\/\/lederschneiderei-klein.de\/index.php?rest_route=\/wp\/v2\/pages\/2\/revisions\/143"}],"wp:attachment":[{"href":"http:\/\/lederschneiderei-klein.de\/index.php?rest_route=%2Fwp%2Fv2%2Fmedia&parent=2"}],"curies":[{"name":"wp","href":"https:\/\/api.w.org\/{rel}","templated":true}]}}