{"id":97,"date":"2019-08-01T19:15:04","date_gmt":"2019-08-01T17:15:04","guid":{"rendered":"http:\/\/lederschneiderei-klein.de\/?page_id=97"},"modified":"2022-09-18T21:37:04","modified_gmt":"2022-09-18T19:37:04","slug":"unsere-leistung","status":"publish","type":"page","link":"http:\/\/lederschneiderei-klein.de\/?page_id=97","title":{"rendered":"Unsere Leistung"},"content":{"rendered":"\n<p>Ma\u00dfarbeit und Schnitt sind das A und O jeder schneiderhandwerklichen Arbeit!<br><br>Es z\u00e4hlen neben dem Aussehen immerhin auch das Wohlgef\u00fchl unserer Fahrer*innen und Kund*innen. Denn: Passen muss es! Deshalb nehmen wir uns Zeit, um zu Ihrer Zufriedenheit handwerkliche H\u00f6chstleistungen zu bringen. Gegebenenfalls bedarf es auch mehrerer Anproben vor Ort; und meistens klappt alles ganz schnell. Ganz individuell.<br>Zuverl\u00e4ssig muss es sein &#8211; wie wir es sind!<br>Dabei arbeiten wir mit modernen Materialien, k\u00f6nnen aber auch h\u00e4ufig auf Material aus l\u00e4ngst vergangenen Zeiten zur\u00fcck greifen. Unsere Maschinen schaffen sowohl Textilien wie auch schweres Leder oder besonders feines Lamm-Nappaleder.<br><br>Haben Sie keine Scheu und rufen Sie uns an oder schreiben uns.<br>Wir beraten Sie gerne, wenn es auch nicht die Rennkombi ist, sondern die Jeans oder die Bluse, der Rucksack oder der Stiefel, nicht zuletzt die Tasche. Lediglich von Sattlerarbeiten sehen wir ab. Wir freuen uns auf Anfragen vielerlei Art, gerne auch diverse Sonderanfertigungen.<br><br>Wir k\u00f6nnen sagen: Unser Kompetenzspektrum ist weit. <br>\u00dcberzeugen Sie sich davon &#8211; vom Handwerk aus Ihrer Lederschneiderei Klein.<\/p>\n","protected":false},"excerpt":{"rendered":"<p>Ma\u00dfarbeit und Schnitt sind das A und O jeder schneiderhandwerklichen Arbeit! Es z\u00e4hlen neben dem Aussehen immerhin auch das Wohlgef\u00fchl unserer Fahrer*innen und Kund*innen. Denn: Passen muss es! Deshalb nehmen wir uns Zeit, um zu Ihrer Zufriedenheit handwerkliche H\u00f6chstleistungen zu bringen. Gegebenenfalls bedarf es auch mehrerer Anproben vor Ort; und meistens klappt alles ganz schnell. &hellip; <a href=\"http:\/\/lederschneiderei-klein.de\/?page_id=97\" class=\"more-link\"><span class=\"screen-reader-text\">\u201eUnsere Leistung\u201c <\/span>weiterlesen<\/a><\/p>\n","protected":false},"author":1,"featured_media":0,"parent":0,"menu_order":0,"comment_status":"closed","ping_status":"closed","template":"","meta":{"footnotes":""},"class_list":["post-97","page","type-page","status-publish","hentry"],"_links":{"self":[{"href":"http:\/\/lederschneiderei-klein.de\/index.php?rest_route=\/wp\/v2\/pages\/97","targetHints":{"allow":["GET"]}}],"collection":[{"href":"http:\/\/lederschneiderei-klein.de\/index.php?rest_route=\/wp\/v2\/pages"}],"about":[{"href":"http:\/\/lederschneiderei-klein.de\/index.php?rest_route=\/wp\/v2\/types\/page"}],"author":[{"embeddable":true,"href":"http:\/\/lederschneiderei-klein.de\/index.php?rest_route=\/wp\/v2\/users\/1"}],"replies":[{"embeddable":true,"href":"http:\/\/lederschneiderei-klein.de\/index.php?rest_route=%2Fwp%2Fv2%2Fcomments&post=97"}],"version-history":[{"count":9,"href":"http:\/\/lederschneiderei-klein.de\/index.php?rest_route=\/wp\/v2\/pages\/97\/revisions"}],"predecessor-version":[{"id":147,"href":"http:\/\/lederschneiderei-klein.de\/index.php?rest_route=\/wp\/v2\/pages\/97\/revisions\/147"}],"wp:attachment":[{"href":"http:\/\/lederschneiderei-klein.de\/index.php?rest_route=%2Fwp%2Fv2%2Fmedia&parent=97"}],"curies":[{"name":"wp","href":"https:\/\/api.w.org\/{rel}","templated":true}]}}